






  
 {"id":8,"date":"2019-01-23T11:58:50","date_gmt":"2019-01-23T10:58:50","guid":{"rendered":"http:\/\/retrorun.retrorun.sk\/?page_id=8"},"modified":"2026-04-21T09:10:06","modified_gmt":"2026-04-21T07:10:06","slug":"program","status":"publish","type":"page","link":"https:\/\/retrorun.sk\/nightrun\/program\/","title":{"rendered":"Program"},"content":{"rendered":"<p class=\"elementToProof\"><em>15:00<\/em> SL\u00c1VNOSTN\u00c9 OTVORENIE<\/p>\n<p class=\"elementToProof\"><em>15:30<\/em> UKON\u010cENIE REGISTR\u00c1CIE DETSK\u00ddCH BEHOV<\/p>\n<p class=\"elementToProof\"><em>16:00<\/em> \u0160TART DETSK\u00ddCH BEHOV<\/p>\n<p class=\"elementToProof\"><em>17:00<\/em> VYHL\u00c1SENIE V\u00ddSLEDKOV DETSK\u00ddCH BEHOV<\/p>\n<p class=\"elementToProof\"><em>17:00 \u2013 19:00<\/em> CIRKUS KUS<\/p>\n<p class=\"elementToProof\"><em>17:45<\/em> VYST\u00daPENIE TANE\u010cNEJ \u0160KOLY MIRKY KOSOR\u00cdNOVEJ &#8222;Smiem prosi\u0165?&#8220;<\/p>\n<p class=\"elementToProof\"><em>18:00<\/em> D\u00daHALKA<\/p>\n<p class=\"elementToProof\"><em>19:00<\/em> UKON\u010cENIE REGISTR\u00c1CIE HLAVN\u00ddCH BEHOV<\/p>\n<p class=\"elementToProof\"><em>19:25<\/em> PR\u00cdHOVOR STAROSTU A OTVORENIE VE\u010cERN\u00c9HO PROGRAMU<\/p>\n<p class=\"elementToProof\"><em>19:35<\/em> ROZCVI\u010cKA PRED HLAVN\u00ddM BEHOM<\/p>\n<p class=\"elementToProof\"><em>19:55<\/em> PRESUN NA \u0160TART<\/p>\n<p class=\"elementToProof\"><em>20:00<\/em> \u0160TART 10km<\/p>\n<p class=\"elementToProof\"><em>20:05<\/em> \u0160TART 5km<\/p>\n<p class=\"elementToProof\"><em>20:45<\/em> LASEROV\u00c1 SHOW<\/p>\n<p class=\"elementToProof\"><em>21:15<\/em> VYHL\u00c1SENIE V\u00ddSLEDKOV HLAVN\u00ddCH BEHOV<\/p>\n<p class=\"elementToProof\"><em>21:40<\/em> BE\u017dECK\u00c1 TOMBOLA<\/p>\n<p class=\"elementToProof\"><em>22:00 \u00a0<\/em>Z\u00c1VER PODUJATIA<\/p>\n<p>&nbsp;<\/p>\n","protected":false},"excerpt":{"rendered":"<p>15:00 SL\u00c1VNOSTN\u00c9 OTVORENIE 15:30 UKON\u010cENIE REGISTR\u00c1CIE DETSK\u00ddCH BEHOV 16:00 \u0160TART DETSK\u00ddCH BEHOV 17:00 VYHL\u00c1SENIE V\u00ddSLEDKOV DETSK\u00ddCH BEHOV 17:00 \u2013 19:00 CIRKUS KUS 17:45 VYST\u00daPENIE TANE\u010cNEJ \u0160KOLY MIRKY KOSOR\u00cdNOVEJ &#8222;Smiem prosi\u0165?&#8220; 18:00 D\u00daHALKA 19:00 UKON\u010cENIE REGISTR\u00c1CIE HLAVN\u00ddCH BEHOV 19:25 PR\u00cdHOVOR STAROSTU A OTVORENIE VE\u010cERN\u00c9HO PROGRAMU 19:35 ROZCVI\u010cKA PRED HLAVN\u00ddM BEHOM 19:55 PRESUN NA \u0160TART 20:00 \u0160TART [&hellip;]<\/p>\n","protected":false},"author":1,"featured_media":55,"parent":0,"menu_order":7,"comment_status":"closed","ping_status":"closed","template":"program-template.php","meta":{"footnotes":""},"class_list":["post-8","page","type-page","status-publish","has-post-thumbnail","hentry"],"_links":{"self":[{"href":"https:\/\/retrorun.sk\/nightrun\/wp-json\/wp\/v2\/pages\/8","targetHints":{"allow":["GET"]}}],"collection":[{"href":"https:\/\/retrorun.sk\/nightrun\/wp-json\/wp\/v2\/pages"}],"about":[{"href":"https:\/\/retrorun.sk\/nightrun\/wp-json\/wp\/v2\/types\/page"}],"author":[{"embeddable":true,"href":"https:\/\/retrorun.sk\/nightrun\/wp-json\/wp\/v2\/users\/1"}],"replies":[{"embeddable":true,"href":"https:\/\/retrorun.sk\/nightrun\/wp-json\/wp\/v2\/comments?post=8"}],"version-history":[{"count":9,"href":"https:\/\/retrorun.sk\/nightrun\/wp-json\/wp\/v2\/pages\/8\/revisions"}],"predecessor-version":[{"id":406,"href":"https:\/\/retrorun.sk\/nightrun\/wp-json\/wp\/v2\/pages\/8\/revisions\/406"}],"wp:featuredmedia":[{"embeddable":true,"href":"https:\/\/retrorun.sk\/nightrun\/wp-json\/wp\/v2\/media\/55"}],"wp:attachment":[{"href":"https:\/\/retrorun.sk\/nightrun\/wp-json\/wp\/v2\/media?parent=8"}],"curies":[{"name":"wp","href":"https:\/\/api.w.org\/{rel}","templated":true}]}}