






  
 {"id":32,"date":"2019-01-23T12:02:52","date_gmt":"2019-01-23T11:02:52","guid":{"rendered":"http:\/\/retrorun.retrorun.sk\/?page_id=32"},"modified":"2019-02-13T12:55:42","modified_gmt":"2019-02-13T11:55:42","slug":"galeria-rocnik-2018","status":"publish","type":"page","link":"https:\/\/retrorun.sk\/nightrun\/galeria-rocnik-2018\/","title":{"rendered":"Gal\u00e9ria ro\u010dn\u00edk 2018"},"content":{"rendered":"<div id=\"blok-galeria\">\n<div class=\"margin\">\n<div class='s-12 m-6 l-3'><a class='galeria-obrazok' href=\"https:\/\/retrorun.sk\/nightrun\/wp-content\/uploads\/2019\/02\/1.jpg\" style='background-image:url(https:\/\/retrorun.sk\/nightrun\/wp-content\/uploads\/2019\/02\/1.jpg)' data-rel='lightcase:portfolio'>\n<\/a>\n<p class='popis-obrazku'><\/p><\/div><div class='s-12 m-6 l-3'><a class='galeria-obrazok' href=\"https:\/\/retrorun.sk\/nightrun\/wp-content\/uploads\/2019\/02\/2.jpg\" style='background-image:url(https:\/\/retrorun.sk\/nightrun\/wp-content\/uploads\/2019\/02\/2.jpg)' data-rel='lightcase:portfolio'>\n<\/a>\n<p class='popis-obrazku'><\/p><\/div><div class='s-12 m-6 l-3'><a class='galeria-obrazok' href=\"https:\/\/retrorun.sk\/nightrun\/wp-content\/uploads\/2019\/02\/3.jpg\" style='background-image:url(https:\/\/retrorun.sk\/nightrun\/wp-content\/uploads\/2019\/02\/3.jpg)' data-rel='lightcase:portfolio'>\n<\/a>\n<p class='popis-obrazku'><\/p><\/div><div class='s-12 m-6 l-3'><a class='galeria-obrazok' href=\"https:\/\/retrorun.sk\/nightrun\/wp-content\/uploads\/2019\/02\/4.jpg\" style='background-image:url(https:\/\/retrorun.sk\/nightrun\/wp-content\/uploads\/2019\/02\/4.jpg)' data-rel='lightcase:portfolio'>\n<\/a>\n<p class='popis-obrazku'><\/p><\/div><div class='s-12 m-6 l-3'><a class='galeria-obrazok' href=\"https:\/\/retrorun.sk\/nightrun\/wp-content\/uploads\/2019\/02\/5.jpg\" style='background-image:url(https:\/\/retrorun.sk\/nightrun\/wp-content\/uploads\/2019\/02\/5.jpg)' data-rel='lightcase:portfolio'>\n<\/a>\n<p class='popis-obrazku'><\/p><\/div><div class='s-12 m-6 l-3'><a class='galeria-obrazok' href=\"https:\/\/retrorun.sk\/nightrun\/wp-content\/uploads\/2019\/02\/6.jpg\" style='background-image:url(https:\/\/retrorun.sk\/nightrun\/wp-content\/uploads\/2019\/02\/6.jpg)' data-rel='lightcase:portfolio'>\n<\/a>\n<p class='popis-obrazku'><\/p><\/div><div class='s-12 m-6 l-3'><a class='galeria-obrazok' href=\"https:\/\/retrorun.sk\/nightrun\/wp-content\/uploads\/2019\/02\/7.jpg\" style='background-image:url(https:\/\/retrorun.sk\/nightrun\/wp-content\/uploads\/2019\/02\/7.jpg)' data-rel='lightcase:portfolio'>\n<\/a>\n<p class='popis-obrazku'><\/p><\/div><div class='s-12 m-6 l-3'><a class='galeria-obrazok' href=\"https:\/\/retrorun.sk\/nightrun\/wp-content\/uploads\/2019\/02\/8.jpg\" style='background-image:url(https:\/\/retrorun.sk\/nightrun\/wp-content\/uploads\/2019\/02\/8.jpg)' data-rel='lightcase:portfolio'>\n<\/a>\n<p class='popis-obrazku'><\/p><\/div><div class='s-12 m-6 l-3'><a class='galeria-obrazok' href=\"https:\/\/retrorun.sk\/nightrun\/wp-content\/uploads\/2019\/02\/9.jpg\" style='background-image:url(https:\/\/retrorun.sk\/nightrun\/wp-content\/uploads\/2019\/02\/9.jpg)' data-rel='lightcase:portfolio'>\n<\/a>\n<p class='popis-obrazku'><\/p><\/div><div class='s-12 m-6 l-3'><a class='galeria-obrazok' href=\"https:\/\/retrorun.sk\/nightrun\/wp-content\/uploads\/2019\/02\/10.jpg\" style='background-image:url(https:\/\/retrorun.sk\/nightrun\/wp-content\/uploads\/2019\/02\/10.jpg)' data-rel='lightcase:portfolio'>\n<\/a>\n<p class='popis-obrazku'><\/p><\/div><div class='s-12 m-6 l-3'><a class='galeria-obrazok' href=\"https:\/\/retrorun.sk\/nightrun\/wp-content\/uploads\/2019\/02\/11.jpg\" style='background-image:url(https:\/\/retrorun.sk\/nightrun\/wp-content\/uploads\/2019\/02\/11.jpg)' data-rel='lightcase:portfolio'>\n<\/a>\n<p class='popis-obrazku'><\/p><\/div><div class='s-12 m-6 l-3'><a class='galeria-obrazok' href=\"https:\/\/retrorun.sk\/nightrun\/wp-content\/uploads\/2019\/02\/12.jpg\" style='background-image:url(https:\/\/retrorun.sk\/nightrun\/wp-content\/uploads\/2019\/02\/12.jpg)' data-rel='lightcase:portfolio'>\n<\/a>\n<p class='popis-obrazku'><\/p><\/div><div class='s-12 m-6 l-3'><a class='galeria-obrazok' href=\"https:\/\/retrorun.sk\/nightrun\/wp-content\/uploads\/2019\/02\/13.jpg\" style='background-image:url(https:\/\/retrorun.sk\/nightrun\/wp-content\/uploads\/2019\/02\/13.jpg)' data-rel='lightcase:portfolio'>\n<\/a>\n<p class='popis-obrazku'><\/p><\/div><div class='s-12 m-6 l-3'><a class='galeria-obrazok' href=\"https:\/\/retrorun.sk\/nightrun\/wp-content\/uploads\/2019\/02\/14.jpg\" style='background-image:url(https:\/\/retrorun.sk\/nightrun\/wp-content\/uploads\/2019\/02\/14.jpg)' data-rel='lightcase:portfolio'>\n<\/a>\n<p class='popis-obrazku'><\/p><\/div><div class='s-12 m-6 l-3'><a class='galeria-obrazok' href=\"https:\/\/retrorun.sk\/nightrun\/wp-content\/uploads\/2019\/02\/15.jpg\" style='background-image:url(https:\/\/retrorun.sk\/nightrun\/wp-content\/uploads\/2019\/02\/15.jpg)' data-rel='lightcase:portfolio'>\n<\/a>\n<p class='popis-obrazku'><\/p><\/div><div class='s-12 m-6 l-3'><a class='galeria-obrazok' href=\"https:\/\/retrorun.sk\/nightrun\/wp-content\/uploads\/2019\/02\/16.jpg\" style='background-image:url(https:\/\/retrorun.sk\/nightrun\/wp-content\/uploads\/2019\/02\/16.jpg)' data-rel='lightcase:portfolio'>\n<\/a>\n<p class='popis-obrazku'><\/p><\/div><div class='s-12 m-6 l-3'><a class='galeria-obrazok' href=\"https:\/\/retrorun.sk\/nightrun\/wp-content\/uploads\/2019\/02\/17.jpg\" style='background-image:url(https:\/\/retrorun.sk\/nightrun\/wp-content\/uploads\/2019\/02\/17.jpg)' data-rel='lightcase:portfolio'>\n<\/a>\n<p class='popis-obrazku'><\/p><\/div><div class='s-12 m-6 l-3'><a class='galeria-obrazok' href=\"https:\/\/retrorun.sk\/nightrun\/wp-content\/uploads\/2019\/02\/18.jpg\" style='background-image:url(https:\/\/retrorun.sk\/nightrun\/wp-content\/uploads\/2019\/02\/18.jpg)' data-rel='lightcase:portfolio'>\n<\/a>\n<p class='popis-obrazku'><\/p><\/div><div class='s-12 m-6 l-3'><a class='galeria-obrazok' href=\"https:\/\/retrorun.sk\/nightrun\/wp-content\/uploads\/2019\/02\/19.jpg\" style='background-image:url(https:\/\/retrorun.sk\/nightrun\/wp-content\/uploads\/2019\/02\/19.jpg)' data-rel='lightcase:portfolio'>\n<\/a>\n<p class='popis-obrazku'><\/p><\/div><div class='s-12 m-6 l-3'><a class='galeria-obrazok' href=\"https:\/\/retrorun.sk\/nightrun\/wp-content\/uploads\/2019\/02\/20.jpg\" style='background-image:url(https:\/\/retrorun.sk\/nightrun\/wp-content\/uploads\/2019\/02\/20.jpg)' data-rel='lightcase:portfolio'>\n<\/a>\n<p class='popis-obrazku'><\/p><\/div><div class='s-12 m-6 l-3'><a class='galeria-obrazok' href=\"https:\/\/retrorun.sk\/nightrun\/wp-content\/uploads\/2019\/02\/21.jpg\" style='background-image:url(https:\/\/retrorun.sk\/nightrun\/wp-content\/uploads\/2019\/02\/21.jpg)' data-rel='lightcase:portfolio'>\n<\/a>\n<p class='popis-obrazku'><\/p><\/div><div class='s-12 m-6 l-3'><a class='galeria-obrazok' href=\"https:\/\/retrorun.sk\/nightrun\/wp-content\/uploads\/2019\/02\/22.jpg\" style='background-image:url(https:\/\/retrorun.sk\/nightrun\/wp-content\/uploads\/2019\/02\/22.jpg)' data-rel='lightcase:portfolio'>\n<\/a>\n<p class='popis-obrazku'><\/p><\/div><div class='s-12 m-6 l-3'><a class='galeria-obrazok' href=\"https:\/\/retrorun.sk\/nightrun\/wp-content\/uploads\/2019\/02\/23.jpg\" style='background-image:url(https:\/\/retrorun.sk\/nightrun\/wp-content\/uploads\/2019\/02\/23.jpg)' data-rel='lightcase:portfolio'>\n<\/a>\n<p class='popis-obrazku'><\/p><\/div><div class='s-12 m-6 l-3'><a class='galeria-obrazok' href=\"https:\/\/retrorun.sk\/nightrun\/wp-content\/uploads\/2019\/02\/24.jpg\" style='background-image:url(https:\/\/retrorun.sk\/nightrun\/wp-content\/uploads\/2019\/02\/24.jpg)' data-rel='lightcase:portfolio'>\n<\/a>\n<p class='popis-obrazku'><\/p><\/div><div class='s-12 m-6 l-3'><a class='galeria-obrazok' href=\"https:\/\/retrorun.sk\/nightrun\/wp-content\/uploads\/2019\/02\/25.jpg\" style='background-image:url(https:\/\/retrorun.sk\/nightrun\/wp-content\/uploads\/2019\/02\/25.jpg)' data-rel='lightcase:portfolio'>\n<\/a>\n<p class='popis-obrazku'><\/p><\/div><div class='s-12 m-6 l-3'><a class='galeria-obrazok' href=\"https:\/\/retrorun.sk\/nightrun\/wp-content\/uploads\/2019\/02\/26.jpg\" style='background-image:url(https:\/\/retrorun.sk\/nightrun\/wp-content\/uploads\/2019\/02\/26.jpg)' data-rel='lightcase:portfolio'>\n<\/a>\n<p class='popis-obrazku'><\/p><\/div><div class='s-12 m-6 l-3'><a class='galeria-obrazok' href=\"https:\/\/retrorun.sk\/nightrun\/wp-content\/uploads\/2019\/02\/27.jpg\" style='background-image:url(https:\/\/retrorun.sk\/nightrun\/wp-content\/uploads\/2019\/02\/27.jpg)' data-rel='lightcase:portfolio'>\n<\/a>\n<p class='popis-obrazku'><\/p><\/div><div class='s-12 m-6 l-3'><a class='galeria-obrazok' href=\"https:\/\/retrorun.sk\/nightrun\/wp-content\/uploads\/2019\/02\/28.jpg\" style='background-image:url(https:\/\/retrorun.sk\/nightrun\/wp-content\/uploads\/2019\/02\/28.jpg)' data-rel='lightcase:portfolio'>\n<\/a>\n<p class='popis-obrazku'><\/p><\/div><div class='s-12 m-6 l-3'><a class='galeria-obrazok' href=\"https:\/\/retrorun.sk\/nightrun\/wp-content\/uploads\/2019\/02\/29.jpg\" style='background-image:url(https:\/\/retrorun.sk\/nightrun\/wp-content\/uploads\/2019\/02\/29.jpg)' data-rel='lightcase:portfolio'>\n<\/a>\n<p class='popis-obrazku'><\/p><\/div><div class='s-12 m-6 l-3'><a class='galeria-obrazok' href=\"https:\/\/retrorun.sk\/nightrun\/wp-content\/uploads\/2019\/02\/30.jpg\" style='background-image:url(https:\/\/retrorun.sk\/nightrun\/wp-content\/uploads\/2019\/02\/30.jpg)' data-rel='lightcase:portfolio'>\n<\/a>\n<p class='popis-obrazku'><\/p><\/div><div class='s-12 m-6 l-3'><a class='galeria-obrazok' href=\"https:\/\/retrorun.sk\/nightrun\/wp-content\/uploads\/2019\/02\/31.jpg\" style='background-image:url(https:\/\/retrorun.sk\/nightrun\/wp-content\/uploads\/2019\/02\/31.jpg)' data-rel='lightcase:portfolio'>\n<\/a>\n<p class='popis-obrazku'><\/p><\/div><div class='s-12 m-6 l-3'><a class='galeria-obrazok' href=\"https:\/\/retrorun.sk\/nightrun\/wp-content\/uploads\/2019\/02\/32.jpg\" style='background-image:url(https:\/\/retrorun.sk\/nightrun\/wp-content\/uploads\/2019\/02\/32.jpg)' data-rel='lightcase:portfolio'>\n<\/a>\n<p class='popis-obrazku'><\/p><\/div><div class='s-12 m-6 l-3'><a class='galeria-obrazok' href=\"https:\/\/retrorun.sk\/nightrun\/wp-content\/uploads\/2019\/02\/33.jpg\" style='background-image:url(https:\/\/retrorun.sk\/nightrun\/wp-content\/uploads\/2019\/02\/33.jpg)' data-rel='lightcase:portfolio'>\n<\/a>\n<p class='popis-obrazku'><\/p><\/div><div class='s-12 m-6 l-3'><a class='galeria-obrazok' href=\"https:\/\/retrorun.sk\/nightrun\/wp-content\/uploads\/2019\/02\/34.jpg\" style='background-image:url(https:\/\/retrorun.sk\/nightrun\/wp-content\/uploads\/2019\/02\/34.jpg)' data-rel='lightcase:portfolio'>\n<\/a>\n<p class='popis-obrazku'><\/p><\/div><div class='s-12 m-6 l-3'><a class='galeria-obrazok' href=\"https:\/\/retrorun.sk\/nightrun\/wp-content\/uploads\/2019\/02\/35.jpg\" style='background-image:url(https:\/\/retrorun.sk\/nightrun\/wp-content\/uploads\/2019\/02\/35.jpg)' data-rel='lightcase:portfolio'>\n<\/a>\n<p class='popis-obrazku'><\/p><\/div><div class='s-12 m-6 l-3'><a class='galeria-obrazok' href=\"https:\/\/retrorun.sk\/nightrun\/wp-content\/uploads\/2019\/02\/36.jpg\" style='background-image:url(https:\/\/retrorun.sk\/nightrun\/wp-content\/uploads\/2019\/02\/36.jpg)' data-rel='lightcase:portfolio'>\n<\/a>\n<p class='popis-obrazku'><\/p><\/div><div class='s-12 m-6 l-3'><a class='galeria-obrazok' href=\"https:\/\/retrorun.sk\/nightrun\/wp-content\/uploads\/2019\/02\/37.jpg\" style='background-image:url(https:\/\/retrorun.sk\/nightrun\/wp-content\/uploads\/2019\/02\/37.jpg)' data-rel='lightcase:portfolio'>\n<\/a>\n<p class='popis-obrazku'><\/p><\/div><div class='s-12 m-6 l-3'><a class='galeria-obrazok' href=\"https:\/\/retrorun.sk\/nightrun\/wp-content\/uploads\/2019\/02\/38.jpg\" style='background-image:url(https:\/\/retrorun.sk\/nightrun\/wp-content\/uploads\/2019\/02\/38.jpg)' data-rel='lightcase:portfolio'>\n<\/a>\n<p class='popis-obrazku'><\/p><\/div><\/div>\n<\/div>\n\n","protected":false},"excerpt":{"rendered":"","protected":false},"author":1,"featured_media":55,"parent":0,"menu_order":3,"comment_status":"closed","ping_status":"closed","template":"galeria-template.php","meta":{"footnotes":""},"class_list":["post-32","page","type-page","status-publish","has-post-thumbnail","hentry"],"_links":{"self":[{"href":"https:\/\/retrorun.sk\/nightrun\/wp-json\/wp\/v2\/pages\/32","targetHints":{"allow":["GET"]}}],"collection":[{"href":"https:\/\/retrorun.sk\/nightrun\/wp-json\/wp\/v2\/pages"}],"about":[{"href":"https:\/\/retrorun.sk\/nightrun\/wp-json\/wp\/v2\/types\/page"}],"author":[{"embeddable":true,"href":"https:\/\/retrorun.sk\/nightrun\/wp-json\/wp\/v2\/users\/1"}],"replies":[{"embeddable":true,"href":"https:\/\/retrorun.sk\/nightrun\/wp-json\/wp\/v2\/comments?post=32"}],"version-history":[{"count":4,"href":"https:\/\/retrorun.sk\/nightrun\/wp-json\/wp\/v2\/pages\/32\/revisions"}],"predecessor-version":[{"id":261,"href":"https:\/\/retrorun.sk\/nightrun\/wp-json\/wp\/v2\/pages\/32\/revisions\/261"}],"wp:featuredmedia":[{"embeddable":true,"href":"https:\/\/retrorun.sk\/nightrun\/wp-json\/wp\/v2\/media\/55"}],"wp:attachment":[{"href":"https:\/\/retrorun.sk\/nightrun\/wp-json\/wp\/v2\/media?parent=32"}],"curies":[{"name":"wp","href":"https:\/\/api.w.org\/{rel}","templated":true}]}}