






  
 {"id":204,"date":"2019-01-30T13:34:51","date_gmt":"2019-01-30T12:34:51","guid":{"rendered":"http:\/\/retrorun.retrorun.sk\/?page_id=204"},"modified":"2019-03-18T15:38:05","modified_gmt":"2019-03-18T14:38:05","slug":"ochrana-osobnych-udajov","status":"publish","type":"page","link":"https:\/\/retrorun.sk\/nightrun\/ochrana-osobnych-udajov\/","title":{"rendered":"Ochrana osobn\u00fdch \u00fadajov"},"content":{"rendered":"<h2><strong>Vyhl\u00e1senie o ochrane osobn\u00fdch \u00fadajov<\/strong><\/h2>\n<p>Ochrana V\u00e1\u0161ho s\u00fakromia pri pou\u017e\u00edvan\u00ed na\u0161ej webovej str\u00e1nky www.retrorun.sk je pre n\u00e1s mimoriadne d\u00f4le\u017eit\u00e1. Preto V\u00e1s v\u00a0nasleduj\u00facom texte d\u00f4kladne informujeme o\u00a0sprac\u00favan\u00ed\u00a0 Va\u0161ich osobn\u00fdch \u00fadajov. Zodpovedn\u00e1 za ochranu osobn\u00fdch \u00fadajov tejto webovej str\u00e1nky je spolo\u010dnos\u0165 SPORT RETRO, s.r.o. s\u00eddlo: Nev\u00e4dzova 6, 821 01, Bratislava, I\u010cO: 44\u00a0747 942 (\u010falej ako \u201d RETRO Sport &amp; Wellness \u201c).\u00a0 Pri pou\u017e\u00edvan\u00ed a\u00a0sprac\u00favan\u00ed osobn\u00fdch \u00fadajov pr\u00edsne dodr\u017eiava pr\u00edslu\u0161n\u00e9 predpisy o\u00a0ochrane osobn\u00fdch \u00fadajov. Pr\u00e1vo na pou\u017e\u00edvanie osobn\u00fdch \u00fadajov ako anonymn\u00fdch d\u00e1t prisl\u00facha s\u00a0v\u00fdhradou ni\u017e\u0161ie op\u00edsan\u00fdch pr\u00e1v dotknut\u00fdch os\u00f4b v\u00a0z\u00e1konnom pr\u00edpustnom rozsahu spolo\u010dnosti RETRO Sport &amp; Wellness. Toto vyhl\u00e1senie o\u00a0ochrane osobn\u00fdch \u00fadajov plat\u00ed pre pre www.retrorun.sk, (\u010falej ako \u201cna\u0161a webov\u00e1 str\u00e1nka\u201d) \u00a0a\u00a0s\u00a0\u0148ou s\u00favisiace podstr\u00e1nky, av\u0161ak nie pre webov\u00e9 str\u00e1nky, ktor\u00e9 s\u00fa kontrolovan\u00e9 a\u00a0prev\u00e1dzkovan\u00e9 tret\u00edmi stranami. Skontrolujte, pros\u00edm, vyhl\u00e1senia o\u00a0ochrane osobn\u00fdch \u00fadajov webov\u00fdch str\u00e1nok, ktor\u00e9 s\u00fa kontrolovan\u00e9 a\u00a0prev\u00e1dzkovan\u00e9 tret\u00edmi stranami, preto\u017ee tieto webov\u00e9 str\u00e1nky nepodliehaj\u00fa na\u0161ej kontrole a\u00a0spolo\u010dnos\u0165\u00a0 RETRO Sport &amp; Wellness nie je zodpovedn\u00e1 za ich obsah a opatrenia na ochranu osobn\u00fdch \u00fadajov.<\/p>\n<p>&nbsp;<\/p>\n<h3><strong>[1.] Bezpe\u010dnos\u0165 \u00fadajov<\/strong><\/h3>\n<p>[1.1] Spolo\u010dnos\u0165 RETRO Sport &amp; Wellness prijala na ochranu Va\u0161ich osobn\u00fdch \u00fadajov primeran\u00e9 technick\u00e9 a\u00a0organiza\u010dn\u00e9 opatrenia, ktor\u00e9 chr\u00e1nia Va\u0161e osobn\u00e9 \u00fadaje okrem in\u00e9ho pred stratou, manipul\u00e1ciou alebo neopr\u00e1vnen\u00fdm pr\u00edstupom. Prijat\u00e9 opatrenia podliehaj\u00fa pravidelnej kontrole a\u00a0priebe\u017ene s\u00fa prisp\u00f4sobovan\u00e9 pod\u013ea najnov\u0161\u00edch poznatkov stavu techniky. Pokia\u013e by do\u0161lo k\u00a0poru\u0161eniu ochrany Va\u0161ich osobn\u00fdch \u00fadajov, budeme V\u00e1s bez zbyto\u010dn\u00e9ho odkladu v\u00a0priebehu 72 hod\u00edn informova\u0165, ak by tak\u00e9to poru\u0161enie ochrany Va\u0161ich\u00a0 osobn\u00fdch \u00fadajov mohlo vies\u0165 k vysok\u00e9mu riziku pre Va\u0161e pr\u00e1va. [1.2] Ak ste dostali pr\u00edstupov\u00e9 \u00fadaje na pr\u00edstup k\u00a0na\u0161im on-line n\u00e1strojom na na\u0161ej webovej str\u00e1nke a\u00a0jej pou\u017e\u00edvaniu, ste zodpovedn\u00fd ako pou\u017e\u00edvate\u013e za bezpe\u010dn\u00e9 uschovanie svojho mena a\u00a0hesla a\u00a0za ich uchovanie v\u00a0tajnosti.<\/p>\n<p>&nbsp;<\/p>\n<h3><strong>[2.] Pou\u017e\u00edvanie webovej str\u00e1nky malolet\u00fdmi osobami<\/strong><\/h3>\n<p>[2.1] Upozor\u0148ujeme na to, \u017ee v\u0161etky on-line n\u00e1stroje na na\u0161ej webovej\u00a0 str\u00e1nke, ktor\u00e9 sprac\u00favaj\u00fa osobn\u00e9 \u00fadaje, m\u00f4\u017eu pou\u017e\u00edva\u0165 v\u00fdhradne osoby, ktor\u00e9 dov\u0155\u0161ili 16. rok veku. Pou\u017eitie on-line n\u00e1strojov a\u00a0z\u00a0toho vypl\u00fdvaj\u00face sprac\u00favanie d\u00e1t pou\u017e\u00edvate\u013emi pod touto vekovou hranicou bez s\u00fahlasu rodi\u010dov\/z\u00e1konn\u00fdch z\u00e1stupcov je zak\u00e1zan\u00e9. Pokia\u013e by napriek tomu do\u0161lo k\u00a0sprac\u00favaniu tak\u00fdchto osobn\u00fdch \u00fadajov, zastav\u00edme sprac\u00favanie t\u00fdchto \u00fadajov, hne\u010f ako sa o\u00a0tom dozvieme.<\/p>\n<p>&nbsp;<\/p>\n<h3><strong>[3.] Zber a\u00a0sprac\u00favanie osobn\u00fdch \u00fadajov<\/strong><\/h3>\n<p><strong>[3.1] Vami poskytnut\u00e9 osobn\u00e9 \u00fadaje<\/strong><\/p>\n<p>Osobn\u00e9 \u00fadaje sprac\u00favame pod\u013ea aktu\u00e1lne platn\u00fdch z\u00e1konn\u00fdch ustanoven\u00ed o\u00a0ochrane osobn\u00fdch \u00fadajov. Ke\u010f s\u00a0nami kore\u0161pondujete alebo vypln\u00edte formul\u00e1r s\u00a0osobn\u00fdmi \u00fadajmi na na\u0161ej webovej str\u00e1nke, vezmite na vedomie, \u017ee osobn\u00e9 \u00fadaje, ktor\u00e9 ste uviedli v\u00a0pr\u00edslu\u0161nom formul\u00e1ri, s\u00fa sprac\u00favan\u00e9 iba na konkr\u00e9tny \u00fa\u010del pod\u013ea podmienok tam uveden\u00fdch.<\/p>\n<p>&nbsp;<\/p>\n<h3><strong>[4.] Partneri<\/strong><\/h3>\n<p>Spolo\u010dnos\u0165 \u00a0RETRO Sport &amp; Wellness nesprac\u00fava v\u0161etky osobn\u00e9 \u00fadaje sama, ale s\u00a0podporou \u00a0zmluvne\u00a0 poveren\u00fdmi \u00a0sprostredkovate\u013emi, ktor\u00ed zabezpe\u010duj\u00fa\u00a0 spr\u00e1vu, prev\u00e1dzku alebo servis jednotliv\u00fdch syst\u00e9mov pre poskytovanie Slu\u017eieb. Partneri boli starostlivo vybrat\u00ed a\u00a0vhodn\u00fdmi technick\u00fdmi a\u00a0organiza\u010dn\u00fdmi opatreniami sa staraj\u00fa o\u00a0to, aby sa sprac\u00favanie Va\u0161ich osobn\u00fdch \u00fadajov uskuto\u010d\u0148ovalo v\u00a0s\u00falade s\u00a0po\u017eiadavkami z\u00e1kona o\u00a0ochrane osobn\u00fdch \u00fadajov a\u00a0bolo zaru\u010den\u00e9 dodr\u017eanie Va\u0161ich pr\u00e1v. Partnerom nie je dovolen\u00e9 pou\u017e\u00edva\u0165 prenechan\u00e9 osobn\u00e9 \u00fadaje na vlastn\u00e9 alebo komer\u010dn\u00e9 \u00fa\u010dely alebo ich poskytova\u0165 tret\u00edm stran\u00e1m.<\/p>\n<p>&nbsp;<\/p>\n<h3><strong>[5.] Z\u00e1konnos\u0165 sprac\u00favania osobn\u00fdch \u00fadajov<\/strong><\/h3>\n<p>Ak sa rozhodnete poskytn\u00fa\u0165 n\u00e1m Va\u0161e osobn\u00e9 \u00fadaje za niektor\u00fdm \u00fa\u010delom pod\u013ea pon\u00fak dan\u00fdch na\u0161ou webovou str\u00e1nkou, z h\u013eadiska z\u00e1konnosti ich sprac\u00favania m\u00f4\u017ee \u00eds\u0165 o ich poskytnutie: <strong>[5.1]<\/strong> bez V\u00e1\u0161ho s\u00fahlasu za \u00fa\u010delom uzatvorenia predzmluvn\u00e9ho alebo zmluvn\u00e9ho vz\u0165ahu \u00a0alebo <strong>[5.2]<\/strong>\u00a0 s Va\u0161im s\u00fahlasom\u00a0 ( napr. zaradenie do evidencie z\u00e1ujemcov o zamestnanie ) <strong>[5.3]<\/strong> V\u017edy v\u0161ak pri danom formul\u00e1ri, do ktor\u00e9ho vklad\u00e1te Va\u0161e osobn\u00e9 \u00fadaje je uveden\u00fd minim\u00e1lne\u00a0 \u00fa\u010del sprac\u00favania,\u00a0 rozsah sprac\u00favan\u00fdch osobn\u00fdch \u00fadajov, zd\u00f4vodnenie s\u00fahlasu a doba sprac\u00favania.<\/p>\n<p>&nbsp;<\/p>\n<h3><strong>[6.] Pr\u00e1va dotknut\u00fdch os\u00f4b<\/strong><\/h3>\n<p>Pokia\u013e ide o sprac\u00favanie \u00fadajov, m\u00f4\u017eete uplatni\u0165 nasleduj\u00face pr\u00e1va, ktor\u00e9 V\u00e1m prisl\u00fachaj\u00fa:<\/p>\n<p><strong>[6.1] Pr\u00e1vo na inform\u00e1cie<\/strong><\/p>\n<p>M\u00f4\u017eete po\u017eadova\u0165 potvrdenie o\u00a0tom, \u010di a\u00a0v\u00a0akej miere sa sprac\u00favaj\u00fa Va\u0161e osobn\u00e9 inform\u00e1cie.<\/p>\n<p><strong>[6.2] Pr\u00e1vo na opravu<\/strong><\/p>\n<p>Ak o\u00a0V\u00e1s sprac\u00favame ne\u00fapln\u00e9 alebo nespr\u00e1vne osobn\u00e9 \u00fadaje, m\u00f4\u017eete kedyko\u013evek po\u017eadova\u0165 ich opravu, pr\u00edp. ich doplnenie. Ak ste si zriadili pou\u017e\u00edvate\u013esk\u00fd \u00fa\u010det, m\u00f4\u017eete k svojim osobn\u00fdm \u00fadajom prist\u00fapi\u0165 kedyko\u013evek a\u00a0tieto sami opravi\u0165 alebo doplni\u0165. Okrem toho m\u00f4\u017eete pou\u017e\u00edvate\u013esk\u00fd \u00fa\u010det kedyko\u013evek zatvori\u0165.<\/p>\n<p><strong>[6.3] Pr\u00e1vo na vymazanie<\/strong><\/p>\n<p>M\u00f4\u017eete po\u017eadova\u0165 vymazanie svojich osobn\u00fdch \u00fadajov, pokia\u013e zanikol d\u00f4vod, pre ktor\u00fd boli zberan\u00e9, ide o\u00a0neopr\u00e1vnen\u00e9 sprac\u00favanie, sprac\u00favanie zasahuje ne\u00famerne do Va\u0161ich opr\u00e1vnen\u00fdch chr\u00e1nen\u00fdch z\u00e1ujmov alebo sa sprac\u00favanie \u00fadajov opiera o\u00a0V\u00e1\u0161 s\u00fahlas a\u00a0Vy ste ho odvolali. Pritom si treba uvedomi\u0165, \u017ee m\u00f4\u017eu existova\u0165 in\u00e9 d\u00f4vody, ktor\u00e9 m\u00f4\u017eu okam\u017eit\u00e9mu vymazaniu Va\u0161ich \u00fadajov odporova\u0165, napr. z\u00e1konom upraven\u00e9 lehoty ulo\u017eenia, prebiehaj\u00face konania, uplatnenie, v\u00fdkon alebo obhajoba pr\u00e1vnych n\u00e1rokov at\u010f.<\/p>\n<p><strong>[6.4] Pr\u00e1vo na obmedzenie sprac\u00favania<\/strong><\/p>\n<p>M\u00e1te pr\u00e1vo po\u017eadova\u0165 obmedzenie sprac\u00favania Va\u0161ich \u00fadajov, ke\u010f<\/p>\n<p>&nbsp;<\/p>\n<ul>\n<li style=\"list-style-type: none;\">\n<ul>\n<li>popierate spr\u00e1vnos\u0165 t\u00fdchto \u00fadajov, a\u00a0to po dobu, ktor\u00e1 n\u00e1m umo\u017en\u00ed spr\u00e1vnos\u0165 \u00fadajov preveri\u0165,<\/li>\n<li>sprac\u00favanie Va\u0161ich \u00fadajov je neopr\u00e1vnen\u00e9, zmazanie v\u0161ak odmietnete a\u00a0namiesto toho po\u017eadujete obmedzenie pou\u017e\u00edvania \u00fadajov,<\/li>\n<li>u\u017e \u00fadaje na pl\u00e1novan\u00fd \u00fa\u010del nepotrebujeme, av\u0161ak Vy potrebujete tieto \u00fadaje e\u0161te na uplatnenie, v\u00fdkon alebo obhajobu pr\u00e1vnych n\u00e1rokov, alebo<\/li>\n<li>ste podali n\u00e1mietku vo\u010di sprac\u00favaniu \u00fadajov.<\/li>\n<\/ul>\n<\/li>\n<\/ul>\n<p>&nbsp;<\/p>\n<p><strong>[6.5] Pr\u00e1vo na prenosite\u013enos\u0165 \u00fadajov<\/strong><\/p>\n<p>M\u00f4\u017eete od n\u00e1s po\u017eadova\u0165, aby sme V\u00e1m Va\u0161e \u00fadaje, ktor\u00e9 ste n\u00e1m poskytli, dali k\u00a0dispoz\u00edcii v \u0161trukt\u00farovanom, be\u017enom a\u00a0strojovo \u010ditate\u013enom form\u00e1te, pokia\u013e \u00fadaje sprac\u00favame na z\u00e1klade V\u00e1\u0161ho udelen\u00e9ho s\u00fahlasu alebo za \u00fa\u010delom splnenia zmluvy medzi nami a\u00a0sprac\u00favanie sa uskuto\u010d\u0148uje s\u00a0pomocou automatizovan\u00fdch postupov.<\/p>\n<p><strong>[6.6] Pr\u00e1vo na n\u00e1mietku<\/strong><\/p>\n<p>Ak sprac\u00favame Va\u0161e \u00fadaje za \u00fa\u010delom vykonania \u00faloh, ktor\u00e9 s\u00fa vo verejnom z\u00e1ujme, za \u00fa\u010delom v\u00fdkonu verejnej moci alebo ak sa pri sprac\u00favan\u00ed odvol\u00e1vame na nutnos\u0165 ochrany na\u0161ich opr\u00e1vnen\u00fdch z\u00e1ujmov, m\u00f4\u017eete poda\u0165 n\u00e1mietku proti sprac\u00favaniu \u00fadajov, pokia\u013e existuje rozhoduj\u00faci z\u00e1ujem na ochranu Va\u0161ich \u00fadajov. Zasielanie reklamy m\u00f4\u017eete odvola\u0165 kedyko\u013evek bez uvedenia d\u00f4vodov.<\/p>\n<p><strong>[6.7] Pr\u00e1vo na s\u0165a\u017enos\u0165<\/strong><\/p>\n<p>Pokia\u013e ste toho n\u00e1zoru, \u017ee sme pri sprac\u00favan\u00ed Va\u0161ich \u00fadajov poru\u0161ili slovensk\u00fd alebo eur\u00f3psky z\u00e1kon o ochrane osobn\u00fdch \u00fadajov a\u00a0t\u00fdm poru\u0161ili Va\u0161e pr\u00e1va, \u017eiadame V\u00e1s t\u00fdmto, aby ste n\u00e1s kontaktovali, aby sme mohli objasni\u0165 pr\u00edpadn\u00e9 ot\u00e1zky. Samozrejme m\u00e1te tie\u017e pr\u00e1vo s\u0165a\u017eova\u0165 sa na slovenskom \u00farade pre ochranu osobn\u00fdch \u00fadajov, pr\u00edp. u\u00a0eur\u00f3pskeho org\u00e1nu doh\u013eadu. Tieto pr\u00e1va m\u00f4\u017eete uplatni\u0165 priamo v\u00a0spolo\u010dnosti RETRO Sport &amp; Wellness ozn\u00e1men\u00edm na e-mailovej adrese: recepcia@retrosport.sk<\/p>\n<p>&nbsp;<\/p>\n<h3><strong>[7.]<\/strong>\u00a0<strong>Z\u00edskavanie a sprac\u00favanie anonymn\u00fdch \u00fadajov<\/strong><\/h3>\n<p>Na tejto webovej str\u00e1nke s\u00fa pou\u017eit\u00e9 softv\u00e9ry pre anal\u00fdzu pou\u017e\u00edvania str\u00e1nok. Vyhodnoten\u00edm t\u00fdchto \u00fadajov z\u00edskavame d\u00f4le\u017eit\u00e9 poznatky o preferenci\u00e1ch u\u017e\u00edvate\u013eov. Tieto poznatky pom\u00e1haj\u00fa zlep\u0161ova\u0165 kvalitu ponuky. Pri ka\u017edej n\u00e1v\u0161teve str\u00e1nky sa konkr\u00e9tne neobmedzene zaznamen\u00e1vaj\u00fa tieto \u00fadaje:<\/p>\n<p>&nbsp;<\/p>\n<ul>\n<li style=\"list-style-type: none;\">\n<ul>\n<li>Tvar IP adresy, ktor\u00fd zaslal po\u017eiadavku<\/li>\n<li>D\u00e1tum a \u010das zaslania po\u017eiadavky<\/li>\n<li>N\u00e1zov prezeranej str\u00e1nky resp. s\u00faboru<\/li>\n<li>Linku, z ktorej str\u00e1nky ste sa na t\u00fato str\u00e1nku dostali<\/li>\n<li>Prehliada\u010d a verzia prehliada\u010da, ktor\u00fd u\u017e\u00edvate\u013e pou\u017e\u00edva<\/li>\n<li>Opera\u010dn\u00fd syst\u00e9m, ktor\u00fd u\u017e\u00edvate\u013e pou\u017e\u00edva.<\/li>\n<\/ul>\n<\/li>\n<\/ul>\n<p>&nbsp;<\/p>\n<p>Tieto \u00fadaje sa vyhodnocuj\u00fa pre \u0161tatistick\u00e9 \u00fa\u010dely. Pritom s\u00fa to v\u00fdlu\u010dne inform\u00e1cie, ktor\u00e9 neprip\u00fa\u0161\u0165aj\u00fa spojenie s va\u0161ou osobou. Ako u\u017e\u00edvate\u013e zost\u00e1vate anonymn\u00fd.<\/p>\n<p><strong>[7.1] Pou\u017e\u00edvanie cookies<\/strong><\/p>\n<p>V s\u00favislosti s t\u00fdmto sa pou\u017e\u00edvaj\u00fa aj takzvan\u00e9 cookies. Cookie je mal\u00fd textov\u00fd s\u00fabor, ktor\u00fd uklad\u00e1 internetov\u00e9 nastavenia. Takmer ka\u017ed\u00e1 webov\u00e1 str\u00e1nka pou\u017e\u00edva t\u00fato technol\u00f3giu. V\u00e1\u0161 webov\u00fd prehliada\u010d ho stiahne pri prvej n\u00e1v\u0161teve webovej str\u00e1nky. Pri \u010fal\u0161om vyvolan\u00ed tejto webovej str\u00e1nky rovnak\u00fdm koncov\u00fdm zariaden\u00edm sa s\u00fabor Cookie a\u00a0v\u00a0\u0148om ulo\u017een\u00e9 inform\u00e1cie bu\u010f odo\u0161le sp\u00e4\u0165 na webov\u00fa str\u00e1nku, ktor\u00e1 ho vytvorila (First Party Cookie), alebo odo\u0161le na in\u00fa webov\u00fa str\u00e1nku, ku ktorej patr\u00ed (Third Party Cookie). Webov\u00e1 str\u00e1nka tak rozpozn\u00e1, \u017ee u\u017e bola t\u00fdmto prehliada\u010dom raz vyvolan\u00e1, a\u00a0v\u00a0mnoh\u00fdch pr\u00edpadoch obmen\u00ed zobrazen\u00fd obsah. Na pou\u017e\u00edvanie cookies ste n\u00e1m udelili V\u00e1\u0161 predch\u00e1dzaj\u00faci s\u00fahlas. Za s\u00fahlas sa pova\u017euje aj aktiv\u00e1cia cookies prostredn\u00edctvom nastavenia V\u00e1\u0161ho webov\u00e9ho prehliada\u010da. Cookies na tejto str\u00e1nke m\u00f4\u017eete kedyko\u013evek deaktivova\u0165. Pros\u00edm zoberte na vedomie, \u017ee deaktivovan\u00edm cookies m\u00f4\u017ee by\u0165 funk\u010dnos\u0165 str\u00e1nky obmedzen\u00e1. Pros\u00edm zoberte na vedomie, \u017ee kv\u00f4li funk\u010dnosti webovej str\u00e1nky sa eur\u00f3pske smernice net\u00fdkaj\u00fa nevyhnutn\u00fdch cookies a nedaj\u00fa sa deaktivova\u0165. Aby ste tieto cookies deaktivovali, vytvor\u00ed sa vo va\u0161om prehliada\u010di \u201cOpt-Out\u201d cookie, aby sa v\u00e1\u0161 nes\u00fahlas dal priradi\u0165. V pr\u00edpade, \u017ee pou\u017eijete in\u00fd prehliada\u010d respekt\u00edve in\u00fd po\u010d\u00edta\u010d alebo cookies vyma\u017eete, mus\u00edte cookies op\u00e4\u0165 deaktivova\u0165.<\/p>\n<p>&nbsp;<\/p>\n<h3><strong>[8.] Kontaktn\u00e9 \u00fadaje<\/strong><\/h3>\n<h3>Zodpovedn\u00fd: SPORT RETRO, s.r.o. s\u00eddlo: Nev\u00e4dzova 6, 821 01, Bratislava, I\u010cO: 44\u00a0747 942<\/h3>\n<p><strong>recepcia@retrosport.sk<\/strong><\/p>\n","protected":false},"excerpt":{"rendered":"<p>Vyhl\u00e1senie o ochrane osobn\u00fdch \u00fadajov Ochrana V\u00e1\u0161ho s\u00fakromia pri pou\u017e\u00edvan\u00ed na\u0161ej webovej str\u00e1nky www.retrorun.sk je pre n\u00e1s mimoriadne d\u00f4le\u017eit\u00e1. Preto V\u00e1s v\u00a0nasleduj\u00facom texte d\u00f4kladne informujeme o\u00a0sprac\u00favan\u00ed\u00a0 Va\u0161ich osobn\u00fdch \u00fadajov. Zodpovedn\u00e1 za ochranu osobn\u00fdch \u00fadajov tejto webovej str\u00e1nky je spolo\u010dnos\u0165 SPORT RETRO, s.r.o. s\u00eddlo: Nev\u00e4dzova 6, 821 01, Bratislava, I\u010cO: 44\u00a0747 942 (\u010falej ako \u201d RETRO [&hellip;]<\/p>\n","protected":false},"author":1,"featured_media":55,"parent":0,"menu_order":6,"comment_status":"closed","ping_status":"closed","template":"","meta":{"footnotes":""},"class_list":["post-204","page","type-page","status-publish","has-post-thumbnail","hentry"],"_links":{"self":[{"href":"https:\/\/retrorun.sk\/nightrun\/wp-json\/wp\/v2\/pages\/204","targetHints":{"allow":["GET"]}}],"collection":[{"href":"https:\/\/retrorun.sk\/nightrun\/wp-json\/wp\/v2\/pages"}],"about":[{"href":"https:\/\/retrorun.sk\/nightrun\/wp-json\/wp\/v2\/types\/page"}],"author":[{"embeddable":true,"href":"https:\/\/retrorun.sk\/nightrun\/wp-json\/wp\/v2\/users\/1"}],"replies":[{"embeddable":true,"href":"https:\/\/retrorun.sk\/nightrun\/wp-json\/wp\/v2\/comments?post=204"}],"version-history":[{"count":5,"href":"https:\/\/retrorun.sk\/nightrun\/wp-json\/wp\/v2\/pages\/204\/revisions"}],"predecessor-version":[{"id":284,"href":"https:\/\/retrorun.sk\/nightrun\/wp-json\/wp\/v2\/pages\/204\/revisions\/284"}],"wp:featuredmedia":[{"embeddable":true,"href":"https:\/\/retrorun.sk\/nightrun\/wp-json\/wp\/v2\/media\/55"}],"wp:attachment":[{"href":"https:\/\/retrorun.sk\/nightrun\/wp-json\/wp\/v2\/media?parent=204"}],"curies":[{"name":"wp","href":"https:\/\/api.w.org\/{rel}","templated":true}]}}