






  
 {"id":10,"date":"2019-01-23T11:58:58","date_gmt":"2019-01-23T10:58:58","guid":{"rendered":"http:\/\/retrorun.retrorun.sk\/?page_id=10"},"modified":"2026-02-09T12:21:11","modified_gmt":"2026-02-09T11:21:11","slug":"propozicie","status":"publish","type":"page","link":"https:\/\/retrorun.sk\/nightrun\/propozicie\/","title":{"rendered":"Propoz\u00edcie"},"content":{"rendered":"<h2><strong>Pokyny a\u00a0z\u00e1kladn\u00e9 inform\u00e1cie:<\/strong><\/h2>\n<h3><strong>Organiz\u00e1tor:<\/strong><\/h3>\n<p><strong>\u0160portov\u00e9 centrum RETRO sport <\/strong><strong>&amp; wellness<br \/>\n<\/strong>SPORT RETRO, s.r.o.<br \/>\nNev\u00e4dzova 6, 821 01 Bratislava<br \/>\nI\u010cO: 44 747 942<br \/>\nI\u010c DPH: SK2022845715<strong>\u00a0<\/strong><\/p>\n<h3><strong>Term\u00edn:<br \/>\n<\/strong><\/h3>\n<p><strong>16.05.2026 \u2013 sobota<\/strong><strong>\u00a0 \u00a0 \u00a0 \u00a0 \u00a0 \u00a0 \u00a0 \u00a0 \u00a0 \u00a0 \u00a0 \u00a0 \u00a0 \u00a0 \u00a0 \u00a0 \u00a0 <\/strong><\/p>\n<h3><strong>\u0160tart behu:\u00a0\u00a0\u00a0\u00a0\u00a0\u00a0\u00a0\u00a0\u00a0\u00a0\u00a0\u00a0\u00a0\u00a0\u00a0\u00a0 \u00a0\u00a0 <\/strong><\/h3>\n<p><strong>16:00 hod. <\/strong><strong>\u0160tart detsk\u00fdch behov<br \/>\n<\/strong><strong>20:00 hod. \u0160tart hlavn\u00e9ho behu\u00a0 10km<br \/>\n<\/strong><strong>20:05 hod.\u00a0 \u0160tart hlavn\u00e9ho behu\u00a0 5km\u00a0 <\/strong><\/p>\n<h3><strong>D\u013a\u017eka trate:\u00a0<\/strong><\/h3>\n<p><strong>A) deti<\/strong><strong>:<\/strong> <strong>150m\/<\/strong><strong>300m\/600m\/900m<\/strong><strong>\/1200m<br \/>\n<\/strong><strong>B) dospel\u00ed:<\/strong> <strong>5km a 1<\/strong><strong>0 km<\/strong><strong>\u00a0\u00a0\u00a0\u00a0\u00a0\u00a0 <\/strong><\/p>\n<h3><strong>Hlavn\u00ed funkcion\u00e1ri:\u00a0<\/strong><\/h3>\n<p>Riadite\u013e pretekov: Lucia \u0160kult\u00e9tiov\u00e1<br \/>\nHlavn\u00fd rozhodca: Du\u0161an Harang\u00f3zo<\/p>\n<h3><strong>Prihl\u00e1\u0161ky:<\/strong><\/h3>\n<p><strong>on-line <\/strong>prostredn\u00edctvom www.retrorun.sk<\/p>\n<p>\u0160tartovn\u00e9 m\u00f4\u017eete uhradi\u0165 dvomi sp\u00f4sobmi: Kartou, alebo prevodom. Oba v\u00e1m bud\u00fa pon\u00faknut\u00e9 pri vyp\u013a\u0148an\u00ed online prihl\u00e1\u0161ky. Ak\u00a0vyu\u017eijete platbu kartou, Va\u0161e meno sa objav\u00ed v zozname prihl\u00e1sen\u00fdch okam\u017eite. Ak vyu\u017eijete mo\u017enos\u0165 platby prevodom, pr\u00edde V\u00e1m email s in\u0161trukciami k\u00a0platbe platobn\u00fdm QR k\u00f3dom, alebo klasick\u00fdm bankov\u00fdm prevodom. Ak email nen\u00e1jdete, skontrolujte prie\u010dinok SPAM\/REKLAMA. Va\u0161e meno sa zobraz\u00ed v\u00a0zozname prihl\u00e1sen\u00fdch po prip\u00edsan\u00ed platby na \u00fa\u010det.<\/p>\n<p><strong>Priamo na podujat\u00ed registr\u00e1cia u\u017e nebude mo\u017en\u00e1. Prihlasovanie na mieste bude mo\u017en\u00e9 od 14. m\u00e1ja do 15. m\u00e1ja 2026 v\u00a0\u010dase 12:00 \u2013 20:00, ak nebude do tohto \u010dasu naplnen\u00fd \u00fa\u010dastn\u00edcky limit. <\/strong>Pri vyp\u013a\u0148an\u00ed prihl\u00e1\u0161ky pros\u00edm pou\u017e\u00edvajte diakritiku. Odpor\u00fa\u010dame v\u00e1m, vytvori\u0165 si na str\u00e1nke prihlasovania \u00fa\u010det. To v\u00e1m umo\u017en\u00ed robi\u0165 ak\u00e9ko\u013evek zmeny vo va\u0161ej<\/p>\n<p>prihl\u00e1\u0161ke zadarmo. V pr\u00edpade potreby, kontaktujte oh\u013eadne online prihlasovania VysledkovyServis.sk na adrese: <a href=\"mailto:prihlaska@vysledkovyservis.sk\">prihlaska@vysledkovyservis.sk<\/a><\/p>\n<p><strong>ONLINE PRIHLASOVANIE kon\u010d\u00ed 13. m\u00e1ja o\u00a023:59, alebo v\u00a0momente naplnenia limitu jednotliv\u00fdch kateg\u00f3ri\u00ed.<\/strong><\/p>\n<p>Na vyzdvihnutie \u0161tartov\u00e9ho bal\u00ed\u010dka (prezent\u00e1ciu) u\u017e nie je nutn\u00e9 nosi\u0165 \u017eiadne tla\u010div\u00e1 a\u00a0potvrdenia(potvrdenie o zdravotnom stave, s\u00fahlas so spracovan\u00edm \u00fadajov), ke\u010f\u017ee tieto s\u00fa<\/p>\n<p>vyplnen\u00e9 priamo v\u00a0prihl\u00e1\u0161ke. Odpor\u00fa\u010dame si prinies\u0165 len <strong>vytla\u010den\u00e9 &#8222;Potvrdenie o vykonanej platbe&#8220;,<\/strong> ktor\u00e9 v\u00e1m d\u00f4jde po zaplaten\u00ed na mailov\u00fa adresu, ktor\u00fa ste uviedli v prihlasovacom formul\u00e1ri.<\/p>\n<h3><strong>D\u013a\u017eka trate a\u00a0detsk\u00e9\u00a0 kateg\u00f3rie c<\/strong><strong>hlapci a diev\u010dat\u00e1:<\/strong><\/h3>\n<ul>\n<li>A \u2013 3 a\u017e 4 rokov ( rok narodenia 2023 a\u00a02022) \u00a0\u00a0\u00a0\u00a0\u00a0\u00a0\u00a0\u00a0\u00a0 \u2013 150 m*<\/li>\n<li>B \u2013 5 a\u017e\u00a07 rokov (rok narodenia 2021 a 2019) \u00a0\u00a0\u00a0\u00a0\u00a0\u00a0\u00a0\u00a0\u00a0\u00a0 \u2013 300 m<\/li>\n<li>C \u2013 8 a\u017e 10 rokov (rok narodenia 2018 a 2016) \u2013 600 m<\/li>\n<li>D \u2013 11 a\u017e 13 rokov (rok narodenia 2015 a 2013)\u00a0\u00a0\u00a0\u00a0\u00a0\u00a0\u00a0\u00a0 \u2013 800 m<\/li>\n<li>E \u2013 14 a\u017e\u00a015 rokov (rok narodenia 2012 a\u00a02011) \u2013 1200 m<\/li>\n<\/ul>\n<p>*Vekov\u00e1 kateg\u00f3ria 3 a\u017e 4 roky je nes\u00fa\u0165a\u017en\u00e1. Ka\u017ed\u00e9 die\u0165atko dostane v\u00a0cieli medailu a\u00a0sladk\u00fa odmenu.<\/p>\n<h3><strong>Vekov\u00fd limit pre dospel\u00e9 behy:\u00a0\u00a0\u00a0\u00a0\u00a0\u00a0\u00a0 <\/strong><\/h3>\n<p><strong>18 rokov<\/strong> (rok narodenia 2008 a\u00a0star\u0161\u00ed). Osoby vo veku 15 a\u017e 17 rokov sa m\u00f4\u017eu z\u00fa\u010dastni\u0165 behu na 5 km s\u00a0p\u00edsomn\u00fdm s\u00fahlasom z\u00e1konn\u00e9ho z\u00e1stupcu (p\u00edsomn\u00fd s\u00fahlas je potrebn\u00e9 prinies\u0165 na prezent\u00e1ciu)<\/p>\n<h3><strong>Kateg\u00f3rie platn\u00e9 pre be\u017eeck\u00e9 pretek<\/strong><strong>y:<\/strong><\/h3>\n<p><strong>Mu\u017ei:<\/strong><\/p>\n<ul>\n<li>M hlavn\u00e1 kateg\u00f3ria (rok narodenia 1987 \u2013 2008)<\/li>\n<li>M40 \u2013 vek 40 \u2013 49 rokov\u00a0 (rok narodenia 1977 \u2013 1986)<\/li>\n<li>M50 \u2013 vek 50 \u2013 59 rokov (rok narodenia 1967 \u2013 1976)<\/li>\n<li>M60 \u2013 vek 60 a\u00a0viacej rokov (rok narodenia 1966 a\u00a0sk\u00f4r)<\/li>\n<\/ul>\n<p><strong>\u017deny:<\/strong><\/p>\n<ul>\n<li>\u017d hlavn\u00e1 kateg\u00f3ria (rok narodenia 1987 \u2013 2008)<\/li>\n<li>\u017d40 \u2013 vek 40 \u2013 49 rokov (rok narodenia 1977 \u2013 1986)<\/li>\n<li>\u017d50 \u2013 vek 50 \u2013 59 rokov (rok narodenia 1967 \u2013 1976)<\/li>\n<li>\u017d60 \u2013 vek 60 a\u00a0viacej rokov (rok narodenia 1966 a\u00a0sk\u00f4r)<\/li>\n<\/ul>\n<h3><strong>\u00da\u010dastn\u00edcky limit:<\/strong><\/h3>\n<p><strong>800<\/strong> prihl\u00e1sen\u00fdch \u0161portovcov na beh s\u00a0riadne zaplaten\u00fdm \u0161tartovn\u00fdm. Za riadne prihl\u00e1sen\u00e9ho sa pova\u017euje \u00fa\u010dastn\u00edk a\u017e po zaplaten\u00ed \u0161tartov\u00e9ho poplatku, kedy mu syst\u00e9m pridel\u00ed \u0161tartov\u00e9 \u010d\u00edslo a\u00a0je uveden\u00fd v\u00a0\u0161tartovej listine.<\/p>\n<p><strong>300 <\/strong>prihl\u00e1sen\u00fdch det\u00ed na detsk\u00e9 behy<\/p>\n<h3><strong>\u010casov\u00fd limit na beh:\u00a0 <\/strong><\/h3>\n<p>1:30 hod od \u0161tartu behu.<\/p>\n<h3><strong>Prezent\u00e1cia,\u00a0vyzdvihnutie si \u0161tartov\u00fdch \u010d\u00edsiel: <\/strong><\/h3>\n<p>V OC RETRO na Nev\u00e4dzovej ulici. Druh\u00e9 poschodie v\u00a0\u0161portovom centre RETRO sport &amp; wellness.<\/p>\n<p>&#8211; vo \u0161tvrtok 14.05.2026 a piatok 15.5.2026 od 12:00 do 20:00 hod.<br \/>\n&#8211; v\u00a0sobotu\u00a0\u00a0 16.05.2026 od 14:00 do 19:00 hod.<\/p>\n<p>Pokia\u013e to bude mo\u017en\u00e9, pros\u00edme v\u00e1s aby ste si \u0161tartov\u00e9 bal\u00ed\u010dky vyzdvihli pred samotn\u00fdm d\u0148om kedy sa beh kon\u00e1, vytvor\u00edte t\u00fdm mo\u017enos\u0165 najm\u00e4 mimo bratislavsk\u00fdm \u00fa\u010dastn\u00edkom, ktor\u00ed pr\u00eddu a\u017e v\u00a0de\u0148 pretekov, absolvova\u0165 flexibilnej\u0161iu prezent\u00e1ciu tesne pred \u0161tartom behu.<\/p>\n<h3><strong>\u0160tartovn\u00e9 &#8211; v\u00a0z\u00e1vislosti od d\u00e1tumu platby:\u00a0 <\/strong><\/h3>\n<p><strong>Deti<\/strong><br \/>\n\u2013 jednotn\u00e9 \u0161tartovn\u00e9 5,- \u20ac<\/p>\n<p><strong>Dospel\u00ed<\/strong><br \/>\n\u2013 do 28. 02. 2026 \u2013 7,- \u20ac<br \/>\n\u2013 do 30. 04. 2026 \u2013 13,- \u20ac<br \/>\n\u2013 od 01. 05. 2026 do 15. 05. 2026\u00a0 \u2013 17,- \u20ac<\/p>\n<p>Za riadne prihl\u00e1sen\u00e9ho sa pova\u017euje \u00fa\u010dastn\u00edk a\u017e po zaplaten\u00ed \u0161tartov\u00e9ho poplatku, a\u017e potom bude uveden\u00fd v \u0161tartovej listine.<\/p>\n<p><strong><em>\u0160tartovn\u00e9 je nevratn\u00e9! Je mo\u017en\u00e9 ho presun\u00fa\u0165 na in\u00e9ho be\u017eca!<\/em><\/strong><\/p>\n<h3><strong>\u0160tartov\u00fd bal\u00ed\u010dek zah\u0155\u0148a:<\/strong><strong>\u00a0<\/strong><\/h3>\n<ul>\n<li><strong>\u0161tartov\u00e9 \u010d\u00edslo <\/strong><\/li>\n<li><strong>ob\u010derstvenie<\/strong> v\u00a0cieli a\u00a0na trati (voda alebo iontov\u00fd n\u00e1poj)<\/li>\n<li><strong>ovocie v\u00a0cieli<\/strong><\/li>\n<li><strong>medailu po dobehu do cie\u013ea<\/strong><\/li>\n<li><strong>\u010dip<\/strong> na meranie \u010dasu (\u010dip bude umiestnen\u00fd na \u0161tartovom \u010d\u00edsle)<\/li>\n<li><strong>SMS<\/strong> <strong>s\u00a0v\u00fdsledn\u00fdm \u010dasom<\/strong>, ak pretek\u00e1r zad\u00e1 pri on-line prihl\u00e1sen\u00ed sa \u010d\u00edslo svojho mobiln\u00e9ho telef\u00f3nu<\/li>\n<li>mo\u017enos\u0165 <strong>uschova\u0165<\/strong> si osobn\u00e9 veci v\u00a0\u00faschovni<\/li>\n<li>mo\u017enos\u0165 vyu\u017ei\u0165 <strong>\u0161atne na prezle\u010denie<\/strong><\/li>\n<li><strong>kredit vo v\u00fd\u0161ke 8 Eur<\/strong> na vyu\u017eitie slu\u017eieb v\u00a0\u0161portovom centre RETRO sport &amp; wellness<\/li>\n<li><strong>prekvapenia od na\u0161ich partnerov <\/strong>o ktor\u00fdch budeme informova\u0165 na na\u0161ich soci\u00e1lnych sie\u0165ach<\/li>\n<\/ul>\n<h3><strong>Poistenie:<\/strong><\/h3>\n<p>V\u0161etci \u00fa\u010dastn\u00edci s\u00fa povinn\u00ed zabezpe\u010di\u0165 si <strong>individu\u00e1lne zdravotn\u00e9 poistenie<\/strong>. Organiz\u00e1tor nepreber\u00e1 zodpovednos\u0165 za \u0161kody na majetku alebo na zdrav\u00ed s\u00favisiace s\u00a0cestou,\u00a0pobytom a\u00a0s \u00fa\u010das\u0165ou pretek\u00e1rov na podujat\u00ed. Ka\u017ed\u00fd \u00fa\u010dastn\u00edk \u0161tartuje na vlastn\u00fa zodpovednos\u0165.<\/p>\n<p>Pred \u0161tartom odpor\u00fa\u010dame pretek\u00e1rom absolvova\u0165 lek\u00e1rsku prehliadku.<\/p>\n<h3><strong>Meranie \u010dasov a\u00a0v\u00fdsledky:<\/strong><\/h3>\n<p>Elektronick\u00fa \u010dasomieru zabezpe\u010duje firma SunBell, s,r.o. \u2013 VysledkovyServis.sk. V\u00fdsledky bud\u00fa priebe\u017ene zverej\u0148ovan\u00e9 na str\u00e1nke VysledkovyServis.sk. Na str\u00e1nku sa dostanete naskenovan\u00edm QR k\u00f3du na zadnej strane \u0161tartov\u00e9ho \u010d\u00edsla. Rovnako bud\u00fa zverejnen\u00e9 na str\u00e1nke organiz\u00e1tora <a href=\"http:\/\/www.retrorun.sk\">www.retrorun.sk<\/a>.<\/p>\n<h3><strong>\u0160tartov\u00e9 \u010d\u00edslo: <\/strong><\/h3>\n<p>Ka\u017ed\u00fd pretek\u00e1r je povinn\u00fd ma\u0165 pripevnen\u00e9 \u0161tartovn\u00e9 \u010d\u00edslo na hrudi, tak aby bolo vidite\u013en\u00e9 a nesmie by\u0165 prekryt\u00e9. Bez \u0161tartov\u00e9ho \u010d\u00edsla na hrudi sa m\u00f4\u017ee sta\u0165, \u017ee V\u00e1\u0161 \u010das nebude zaznamenan\u00fd. \u0160tartov\u00e9 \u010d\u00edslo je a\u017e do momentu dobehu do cie\u013ea majetkom usporiadate\u013ea. \u0160tartov\u00e9 \u010d\u00edsla s\u00fa bez s\u00fahlasu usporiadate\u013ea neprenosn\u00e9 na in\u00fa osobu. Pretek\u00e1r, ktor\u00fd bude \u0161tartova\u0165 so \u0161tartov\u00fdm \u010d\u00edslom pridelen\u00fdm v \u0161tartovej listine in\u00e9mu pretek\u00e1rovi bude diskvalifikovan\u00fd.<\/p>\n<h3><strong>Presun \u0161tartovn\u00e9ho na in\u00fa osobu a\u00a0zmeny v prihl\u00e1\u0161ke:<\/strong><\/h3>\n<p>Zaplaten\u00e9 \u0161tartovn\u00e9 sa nevracia.<br \/>\nPokia\u013e si vytvor\u00edte na str\u00e1nke vysledkovyservis.sk \u00fa\u010det, m\u00f4\u017eete svoje \u0161tartovn\u00e9 na presun\u00fa\u0165 na in\u00fa osobu, alebo robi\u0165 \u010fal\u0161ie zmeny vo svojej prihl\u00e1\u0161ke zadarmo. (Plat\u00ed pre podujatia na ktor\u00e9 ste sa prihl\u00e1sili po vytvoren\u00ed svojho \u00fa\u010dtu a s pou\u017eit\u00edm svojho \u00fa\u010dtu).<br \/>\nPokia\u013e si \u00fa\u010det vytv\u00e1ra\u0165 nechcete, \u0161tartovn\u00e9 \u010d\u00edslo je mo\u017en\u00e9 presun\u00fa\u0165 na in\u00fa osobu za manipula\u010dn\u00fd poplatok 5\u20ac. V pr\u00edpade, ak chcete prep\u00edsa\u0165 va\u0161e \u0161tartov\u00e9 \u010d\u00edslo na in\u00e9ho \u00fa\u010dastn\u00edka, m\u00f4\u017eete tak urobi\u0165 na str\u00e1nke vysledkovyservis.sk. V\u00a0hlavnom menu vyberte polo\u017eku <a href=\"https:\/\/www.vysledkovyservis.sk\/zmena-prihlasky\">\u201eZmenaprihl\u00e1\u0161ky\u201c<\/a> a uve\u010fte v\u0161etky \u00fadaje o novom \u00fa\u010dastn\u00edkovi. Zmenu v\u0161ak mus\u00ed urobi\u0165 osoba,\u00a0ktor\u00e1 bola p\u00f4vodne prihl\u00e1sen\u00e1. \u0160tartov\u00fd bal\u00edk u\u017e preber\u00e1 nov\u00fd \u00fa\u010dastn\u00edk. Po prevzat\u00ed \u0161tartov\u00e9ho bal\u00edka u\u017e nie je presun \u0161tartovn\u00e9ho \u010d\u00edsla mo\u017en\u00fd.<\/p>\n<h3><strong>Vecn\u00e9 ceny:<\/strong><\/h3>\n<ol>\n<li>Prv\u00e9 tri \u017eeny a\u00a0prv\u00ed traja mu\u017ei v\u00a0ka\u017edej vekovej kateg\u00f3ri\u00ed jednotliv\u00fdch behov z\u00edskaj\u00fa vecn\u00e9 ceny.<\/li>\n<li>Prv\u00ed traja v\u00a0ka\u017edej detskej vekovej kateg\u00f3ri\u00ed okrem kateg\u00f3rie A ( chlapci, diev\u010dat\u00e1).<\/li>\n<\/ol>\n<h3><strong>Inform\u00e1cie:<\/strong><\/h3>\n<p>V\u0161etky inform\u00e1cie o\u00a0pretekoch sa bud\u00fa priebe\u017ene zverej\u0148ova\u0165 na www.retrorun.sk alebo na\u0161ich soci\u00e1lnych sie\u0165ach<\/p>\n<h3><strong>Kontakt:<\/strong><\/h3>\n<p>Lucia \u0160kult\u00e9tiov\u00e1, <a href=\"mailto:retrorun@retrosport.sk\">retrorun@retrosport.sk<\/a> 0905 480\u00a0700<\/p>\n<h3><strong>\u0160atne a \u00faschov\u0148a:<\/strong><\/h3>\n<p>V\u00a0priestoroch \u0161portov\u00e9ho centra RETRO sport @ wellness na 2. Poschod\u00ed OC RETRO<\/p>\n<h3><strong>WC:<\/strong><\/h3>\n<p>Vyu\u017eite toalety v\u00a0priestoroch obchodn\u00e9ho centra RETRO.<\/p>\n<h3><strong>Zdravotn\u00e1 slu\u017eba:<\/strong><\/h3>\n<p>V\u00a0priestore \u0161tartu a\u00a0cie\u013ea bude k\u00a0dispoz\u00edcii r\u00fdchla zdravotn\u00e1 a\u00a0z\u00e1chrann\u00e1 slu\u017eba.<strong>\u00a0<\/strong><\/p>\n<p><strong>Organiz\u00e1tor SPORT RETRO, s.r.o. si vyhradzuje pr\u00e1vo upravi\u0165 a bli\u017e\u0161ie \u0161pecifikova\u0165 niektor\u00e9 \u00fadaje uveden\u00e9 v t\u00fdchto propoz\u00edci\u00e1ch, najm\u00e4 s\u00a0prihliadnut\u00edm na vis maior okolnosti. <\/strong><\/p>\n<p><strong>Te\u0161\u00edme sa na V\u00e1s !!!<\/strong><\/p>\n","protected":false},"excerpt":{"rendered":"<p>Pokyny a\u00a0z\u00e1kladn\u00e9 inform\u00e1cie: Organiz\u00e1tor: \u0160portov\u00e9 centrum RETRO sport &amp; wellness SPORT RETRO, s.r.o. Nev\u00e4dzova 6, 821 01 Bratislava I\u010cO: 44 747 942 I\u010c DPH: SK2022845715\u00a0 Term\u00edn: 16.05.2026 \u2013 sobota\u00a0 \u00a0 \u00a0 \u00a0 \u00a0 \u00a0 \u00a0 \u00a0 \u00a0 \u00a0 \u00a0 \u00a0 \u00a0 \u00a0 \u00a0 \u00a0 \u00a0 \u0160tart behu:\u00a0\u00a0\u00a0\u00a0\u00a0\u00a0\u00a0\u00a0\u00a0\u00a0\u00a0\u00a0\u00a0\u00a0\u00a0\u00a0 \u00a0\u00a0 16:00 hod. \u0160tart detsk\u00fdch behov 20:00 hod. [&hellip;]<\/p>\n","protected":false},"author":1,"featured_media":55,"parent":0,"menu_order":8,"comment_status":"closed","ping_status":"closed","template":"","meta":{"footnotes":""},"class_list":["post-10","page","type-page","status-publish","has-post-thumbnail","hentry"],"_links":{"self":[{"href":"https:\/\/retrorun.sk\/nightrun\/wp-json\/wp\/v2\/pages\/10","targetHints":{"allow":["GET"]}}],"collection":[{"href":"https:\/\/retrorun.sk\/nightrun\/wp-json\/wp\/v2\/pages"}],"about":[{"href":"https:\/\/retrorun.sk\/nightrun\/wp-json\/wp\/v2\/types\/page"}],"author":[{"embeddable":true,"href":"https:\/\/retrorun.sk\/nightrun\/wp-json\/wp\/v2\/users\/1"}],"replies":[{"embeddable":true,"href":"https:\/\/retrorun.sk\/nightrun\/wp-json\/wp\/v2\/comments?post=10"}],"version-history":[{"count":13,"href":"https:\/\/retrorun.sk\/nightrun\/wp-json\/wp\/v2\/pages\/10\/revisions"}],"predecessor-version":[{"id":369,"href":"https:\/\/retrorun.sk\/nightrun\/wp-json\/wp\/v2\/pages\/10\/revisions\/369"}],"wp:featuredmedia":[{"embeddable":true,"href":"https:\/\/retrorun.sk\/nightrun\/wp-json\/wp\/v2\/media\/55"}],"wp:attachment":[{"href":"https:\/\/retrorun.sk\/nightrun\/wp-json\/wp\/v2\/media?parent=10"}],"curies":[{"name":"wp","href":"https:\/\/api.w.org\/{rel}","templated":true}]}}